{"id":16249,"date":"2024-11-16T02:31:17","date_gmt":"2024-11-16T02:31:17","guid":{"rendered":"https:\/\/babyviva.vn\/?post_type=product&#038;p=16249"},"modified":"2025-10-16T08:17:56","modified_gmt":"2025-10-16T08:17:56","slug":"bo-ban-hoc-gap-gon-babyviva","status":"publish","type":"product","link":"https:\/\/babyviva.vn\/index.php\/san-pham\/bo-ban-hoc-gap-gon-babyviva\/","title":{"rendered":"B\u1ed9 b\u00e0n h\u1ecdc g\u1ea5p g\u1ecdn babyviva"},"content":{"rendered":"<p>Ch\u1ea5t li\u1ec7u : ng\u1ef1a nguy\u00ean sinh an to\u00e0n th\u00e2n thi\u1ec7n<br \/>\n\u0110\u1ed9 tu\u1ed5i ph\u00f9 h\u1ee3p : 2-5 tu\u1ed5i<br \/>\nTh\u01b0\u01a1ng hi\u1ec7u : babyviva<br \/>\nT\u00ednh n\u0103ng n\u1ed5i b\u1eadt : g\u1ea5p g\u1ecdn, m\u1eb7t b\u00e0n c\u00f3 th\u1ec3 v\u1ebd b\u00fat l\u00f4ng<br \/>\nM\u00e0u s\u1eafc : tr\u1eafng kem<\/p>\n","protected":false},"excerpt":{"rendered":"<p>Ch\u1ea5t li\u1ec7u : ng\u1ef1a nguy\u00ean sinh an to\u00e0n th\u00e2n thi\u1ec7n \u0110\u1ed9 tu\u1ed5i ph\u00f9 h\u1ee3p : 2-5 tu\u1ed5i Th\u01b0\u01a1ng hi\u1ec7u :<\/p>\n","protected":false},"featured_media":16250,"comment_status":"open","ping_status":"closed","template":"","meta":[],"product_cat":[141,166],"product_tag":[],"class_list":["post-16249","product","type-product","status-publish","has-post-thumbnail","hentry","product_cat-ban-ghe-hoc-tap","product_cat-tat-ca-san-pham"],"_links":{"self":[{"href":"https:\/\/babyviva.vn\/index.php\/wp-json\/wp\/v2\/product\/16249","targetHints":{"allow":["GET"]}}],"collection":[{"href":"https:\/\/babyviva.vn\/index.php\/wp-json\/wp\/v2\/product"}],"about":[{"href":"https:\/\/babyviva.vn\/index.php\/wp-json\/wp\/v2\/types\/product"}],"replies":[{"embeddable":true,"href":"https:\/\/babyviva.vn\/index.php\/wp-json\/wp\/v2\/comments?post=16249"}],"version-history":[{"count":1,"href":"https:\/\/babyviva.vn\/index.php\/wp-json\/wp\/v2\/product\/16249\/revisions"}],"predecessor-version":[{"id":16259,"href":"https:\/\/babyviva.vn\/index.php\/wp-json\/wp\/v2\/product\/16249\/revisions\/16259"}],"wp:featuredmedia":[{"embeddable":true,"href":"https:\/\/babyviva.vn\/index.php\/wp-json\/wp\/v2\/media\/16250"}],"wp:attachment":[{"href":"https:\/\/babyviva.vn\/index.php\/wp-json\/wp\/v2\/media?parent=16249"}],"wp:term":[{"taxonomy":"product_cat","embeddable":true,"href":"https:\/\/babyviva.vn\/index.php\/wp-json\/wp\/v2\/product_cat?post=16249"},{"taxonomy":"product_tag","embeddable":true,"href":"https:\/\/babyviva.vn\/index.php\/wp-json\/wp\/v2\/product_tag?post=16249"}],"curies":[{"name":"wp","href":"https:\/\/api.w.org\/{rel}","templated":true}]}}