{"id":16318,"date":"2024-11-16T04:38:02","date_gmt":"2024-11-16T04:38:02","guid":{"rendered":"https:\/\/babyviva.vn\/?post_type=product&#038;p=16318"},"modified":"2025-10-16T07:59:02","modified_gmt":"2025-10-16T07:59:02","slug":"ghe-bac-ket-hop-thang-bo-be-ngoi-pc005","status":"publish","type":"product","link":"https:\/\/babyviva.vn\/index.php\/san-pham\/ghe-bac-ket-hop-thang-bo-be-ngoi-pc005\/","title":{"rendered":"Gh\u1ebf b\u1eadc k\u1ebft h\u1ee3p thang b\u00f4 b\u1ec7 ng\u1ed3i PC005"},"content":{"rendered":"<p>Gh\u1ebf b\u1eadc k\u1ebft h\u1ee3p ti\u1ec7n l\u1ee3i babyviva<br \/>\nCh\u1ea5t li\u1ec7u nh\u1ef1an nguy\u00ean s\u00ednh an to\u00e0n th\u00e2n thi\u1ec7n, b\u1ec7 ng\u1ed3i b\u1eb1ng da pu cao c\u1ea5p \u00eam \u00e1i m\u1ec1m m\u1ea1i<br \/>\n\u0110\u1ed9 tu\u1ed5i s\u1eed d\u1ee5ng : 2-6 tu\u1ed5i<br \/>\nT\u00ednh n\u0103ng n\u1ed5i b\u1eadt: V\u1eeba l\u00e0m b\u1ec7 ng\u1ed3i v\u1eeba l\u00e0m gh\u1ebf b\u1eadc cho b\u00e9, g\u1ea5p g\u1ecdn b\u1ec7 ng\u1ed9i ti\u1ec7n l\u1ee3i<br \/>\nl\u1eafp \u0111\u1eb7t d\u1ec5 d\u00e0ng.<\/p>\n","protected":false},"excerpt":{"rendered":"<p>Gh\u1ebf b\u1eadc k\u1ebft h\u1ee3p ti\u1ec7n l\u1ee3i babyviva Ch\u1ea5t li\u1ec7u nh\u1ef1an nguy\u00ean s\u00ednh an to\u00e0n th\u00e2n thi\u1ec7n, b\u1ec7 ng\u1ed3i b\u1eb1ng da<\/p>\n","protected":false},"featured_media":16319,"comment_status":"open","ping_status":"closed","template":"","meta":[],"product_cat":[146,166],"product_tag":[],"class_list":["post-16318","product","type-product","status-publish","has-post-thumbnail","hentry","product_cat-ghe-bac-be-bo","product_cat-tat-ca-san-pham"],"_links":{"self":[{"href":"https:\/\/babyviva.vn\/index.php\/wp-json\/wp\/v2\/product\/16318","targetHints":{"allow":["GET"]}}],"collection":[{"href":"https:\/\/babyviva.vn\/index.php\/wp-json\/wp\/v2\/product"}],"about":[{"href":"https:\/\/babyviva.vn\/index.php\/wp-json\/wp\/v2\/types\/product"}],"replies":[{"embeddable":true,"href":"https:\/\/babyviva.vn\/index.php\/wp-json\/wp\/v2\/comments?post=16318"}],"version-history":[{"count":1,"href":"https:\/\/babyviva.vn\/index.php\/wp-json\/wp\/v2\/product\/16318\/revisions"}],"predecessor-version":[{"id":16325,"href":"https:\/\/babyviva.vn\/index.php\/wp-json\/wp\/v2\/product\/16318\/revisions\/16325"}],"wp:featuredmedia":[{"embeddable":true,"href":"https:\/\/babyviva.vn\/index.php\/wp-json\/wp\/v2\/media\/16319"}],"wp:attachment":[{"href":"https:\/\/babyviva.vn\/index.php\/wp-json\/wp\/v2\/media?parent=16318"}],"wp:term":[{"taxonomy":"product_cat","embeddable":true,"href":"https:\/\/babyviva.vn\/index.php\/wp-json\/wp\/v2\/product_cat?post=16318"},{"taxonomy":"product_tag","embeddable":true,"href":"https:\/\/babyviva.vn\/index.php\/wp-json\/wp\/v2\/product_tag?post=16318"}],"curies":[{"name":"wp","href":"https:\/\/api.w.org\/{rel}","templated":true}]}}