{"id":16347,"date":"2024-11-16T06:17:01","date_gmt":"2024-11-16T06:17:01","guid":{"rendered":"https:\/\/babyviva.vn\/?post_type=product&#038;p=16347"},"modified":"2025-10-16T07:54:32","modified_gmt":"2025-10-16T07:54:32","slug":"ngua-choi-chan-bap-benh-3in1-babyviva","status":"publish","type":"product","link":"https:\/\/babyviva.vn\/index.php\/san-pham\/ngua-choi-chan-bap-benh-3in1-babyviva\/","title":{"rendered":"Ng\u1ef1a ch\u00f2i ch\u00e2n b\u1eadp b\u00eanh 3in1 babyviva"},"content":{"rendered":"<p>Th\u01b0\u01a1ng hi\u1ec7u: babyviva<br \/>\nCh\u1ea5t li\u1ec7u: nh\u1ef1a nguy\u00ean sinh an to\u00e0n th\u00e2n thi\u1ec7n, ch\u1ea5t li\u1ec7u nh\u1ef1a d\u00e0y d\u1eb7n c\u1ee9ng c\u00e1p<br \/>\nT\u00ednh n\u0103ng n\u1ed5i b\u1eadt: c\u00f3 th\u1ec3 l\u00e0m xe ch\u00f2i ch\u00e2n v\u00e0 b\u1eadp b\u00eanh v\u00e0 v\u00e1n th\u0103ng b\u1eb1ng cho b\u00e9 ( 3in1 )<br \/>\nThi\u1ebft k\u1ebf th\u00f4ng minh : Tr\u1ee5c b\u00e1nh xe c\u00f3 con l\u0103n n\u00ean v\u1eadn h\u00e0nh \u00eam \u00e1i, m\u1eb7t ti\u1ebfp x\u00fac c\u1ee7a b\u00e1nh xe c\u00f3 l\u1ed1p \u0111\u1ec7m cao su xe ch\u1ea1y kh\u00f4ng g\u00e2y ti\u1ebfng \u1ed3n \u00eam \u00e1i<br \/>\ntu\u1ed5i ph\u00f9 h\u1ee3p: 1.5-6 tu\u1ed5i<\/p>\n","protected":false},"excerpt":{"rendered":"<p>Th\u01b0\u01a1ng hi\u1ec7u: babyviva Ch\u1ea5t li\u1ec7u: nh\u1ef1a nguy\u00ean sinh an to\u00e0n th\u00e2n thi\u1ec7n, ch\u1ea5t li\u1ec7u nh\u1ef1a d\u00e0y d\u1eb7n c\u1ee9ng c\u00e1p T\u00ednh<\/p>\n","protected":false},"featured_media":16348,"comment_status":"open","ping_status":"closed","template":"","meta":[],"product_cat":[166,147],"product_tag":[],"class_list":["post-16347","product","type-product","status-publish","has-post-thumbnail","hentry","product_cat-tat-ca-san-pham","product_cat-xe-choi-chan-bap-benh"],"_links":{"self":[{"href":"https:\/\/babyviva.vn\/index.php\/wp-json\/wp\/v2\/product\/16347","targetHints":{"allow":["GET"]}}],"collection":[{"href":"https:\/\/babyviva.vn\/index.php\/wp-json\/wp\/v2\/product"}],"about":[{"href":"https:\/\/babyviva.vn\/index.php\/wp-json\/wp\/v2\/types\/product"}],"replies":[{"embeddable":true,"href":"https:\/\/babyviva.vn\/index.php\/wp-json\/wp\/v2\/comments?post=16347"}],"version-history":[{"count":2,"href":"https:\/\/babyviva.vn\/index.php\/wp-json\/wp\/v2\/product\/16347\/revisions"}],"predecessor-version":[{"id":16583,"href":"https:\/\/babyviva.vn\/index.php\/wp-json\/wp\/v2\/product\/16347\/revisions\/16583"}],"wp:featuredmedia":[{"embeddable":true,"href":"https:\/\/babyviva.vn\/index.php\/wp-json\/wp\/v2\/media\/16348"}],"wp:attachment":[{"href":"https:\/\/babyviva.vn\/index.php\/wp-json\/wp\/v2\/media?parent=16347"}],"wp:term":[{"taxonomy":"product_cat","embeddable":true,"href":"https:\/\/babyviva.vn\/index.php\/wp-json\/wp\/v2\/product_cat?post=16347"},{"taxonomy":"product_tag","embeddable":true,"href":"https:\/\/babyviva.vn\/index.php\/wp-json\/wp\/v2\/product_tag?post=16347"}],"curies":[{"name":"wp","href":"https:\/\/api.w.org\/{rel}","templated":true}]}}