{"id":16405,"date":"2024-11-16T09:34:24","date_gmt":"2024-11-16T09:34:24","guid":{"rendered":"https:\/\/babyviva.vn\/?post_type=product&#038;p=16405"},"modified":"2025-10-16T07:44:45","modified_gmt":"2025-10-16T07:44:45","slug":"bo-toilet-3in1-babyviva","status":"publish","type":"product","link":"https:\/\/babyviva.vn\/index.php\/san-pham\/bo-toilet-3in1-babyviva\/","title":{"rendered":"B\u00f4 toilet 3in1 babyviva"},"content":{"rendered":"<p>B\u00f4 toilet babyviva 3in1 cho b\u00e9<br \/>\nTh\u01b0\u01a1ng hi\u1ec7u: babyviva<br \/>\nCh\u1ea5t li\u1ec7u : nh\u1ef1a nguy\u00ean sinh an to\u00e0n th\u00e2n thi\u1ec7n, \u0111\u1ec7m ng\u1ed3i b\u1eb1ng da pu \u00eam \u00e1i m\u1ec1m m\u1ea1i cho b\u00e9<br \/>\nT\u00ednh n\u0103ng: B\u1ec7 ng\u1ed3i toilet, b\u00f4 di \u0111\u1ed9ng cho b\u00e9, gh\u1ebf b\u1eadc cho b\u00e9<br \/>\n\u0110\u1ed9 tu\u1ed5i ph\u00f9 h\u1ee3p: 1-5 tu\u1ed5i<br \/>\nM\u00e0u s\u1eafc: tr\u1eafng kem<\/p>\n","protected":false},"excerpt":{"rendered":"<p>B\u00f4 toilet babyviva 3in1 cho b\u00e9 Th\u01b0\u01a1ng hi\u1ec7u: babyviva Ch\u1ea5t li\u1ec7u : nh\u1ef1a nguy\u00ean sinh an to\u00e0n th\u00e2n thi\u1ec7n, \u0111\u1ec7m<\/p>\n","protected":false},"featured_media":16406,"comment_status":"open","ping_status":"closed","template":"","meta":[],"product_cat":[146,166],"product_tag":[],"class_list":["post-16405","product","type-product","status-publish","has-post-thumbnail","hentry","product_cat-ghe-bac-be-bo","product_cat-tat-ca-san-pham"],"_links":{"self":[{"href":"https:\/\/babyviva.vn\/index.php\/wp-json\/wp\/v2\/product\/16405","targetHints":{"allow":["GET"]}}],"collection":[{"href":"https:\/\/babyviva.vn\/index.php\/wp-json\/wp\/v2\/product"}],"about":[{"href":"https:\/\/babyviva.vn\/index.php\/wp-json\/wp\/v2\/types\/product"}],"replies":[{"embeddable":true,"href":"https:\/\/babyviva.vn\/index.php\/wp-json\/wp\/v2\/comments?post=16405"}],"version-history":[{"count":1,"href":"https:\/\/babyviva.vn\/index.php\/wp-json\/wp\/v2\/product\/16405\/revisions"}],"predecessor-version":[{"id":16418,"href":"https:\/\/babyviva.vn\/index.php\/wp-json\/wp\/v2\/product\/16405\/revisions\/16418"}],"wp:featuredmedia":[{"embeddable":true,"href":"https:\/\/babyviva.vn\/index.php\/wp-json\/wp\/v2\/media\/16406"}],"wp:attachment":[{"href":"https:\/\/babyviva.vn\/index.php\/wp-json\/wp\/v2\/media?parent=16405"}],"wp:term":[{"taxonomy":"product_cat","embeddable":true,"href":"https:\/\/babyviva.vn\/index.php\/wp-json\/wp\/v2\/product_cat?post=16405"},{"taxonomy":"product_tag","embeddable":true,"href":"https:\/\/babyviva.vn\/index.php\/wp-json\/wp\/v2\/product_tag?post=16405"}],"curies":[{"name":"wp","href":"https:\/\/api.w.org\/{rel}","templated":true}]}}